{"id":2054,"date":"2025-01-17T20:16:28","date_gmt":"2025-01-17T20:16:28","guid":{"rendered":"https:\/\/dominionlighting.com\/?page_id=2054"},"modified":"2025-05-12T10:09:03","modified_gmt":"2025-05-12T10:09:03","slug":"terms-conditions","status":"publish","type":"page","link":"https:\/\/dominionlighting.com\/es\/terms-conditions\/","title":{"rendered":"Condiciones generales"},"content":{"rendered":"<h2 class=\"wp-block-heading\">T\u00e9rminos y condiciones de Dominion Lighting<\/h2>\n\n\n\n<p>Su acceso y uso del sitio World Wide Web de Dominion Lighting Supply Company of Washington, LLC, Inc (el Sitio) est\u00e1 sujeto a los siguientes t\u00e9rminos y condiciones y a todas las leyes aplicables. Al acceder y navegar por este Sitio, usted acepta y est\u00e1 de acuerdo, sin limitaci\u00f3n ni calificaci\u00f3n, los T\u00e9rminos y Condiciones de Uso y reconoce que en la medida en que cualquier otro acuerdo entre usted y Dominion Lighting Supply Company of Washington, LLC entre en conflicto con los t\u00e9rminos de este Acuerdo, dicho acuerdo ser\u00e1 reemplazado y no tendr\u00e1 fuerza ni efecto.<\/p>\n\n\n\n<h2 class=\"wp-block-heading\">Propiedad intelectual<\/h2>\n\n\n\n<p>Todo el material incluido en este sitio, como texto, gr\u00e1ficos, logotipos, iconos de botones, im\u00e1genes, clips de audio y software (Material), es propiedad de Dominion Lighting Supply Company of Washington, LLC o de sus proveedores de contenido y est\u00e1 protegido por las leyes de derechos de autor y marcas registradas de EE.UU. e internacionales. Todo el material de esta Web es propiedad exclusiva de Dominion Lighting Supply Company of Washington, LLC, y est\u00e1 protegido por las leyes de copyright internacionales y de Estados Unidos. Todo el software y\/o bases de datos automatizadas utilizadas en esta Web son propiedad de Dominion Lighting Supply Company of Washington, LLC o de sus proveedores de software y est\u00e1n protegidas por las leyes de copyright estadounidenses e internacionales. Cualquier otro uso, incluyendo la reproducci\u00f3n, modificaci\u00f3n, distribuci\u00f3n, transmisi\u00f3n, republicaci\u00f3n, exhibici\u00f3n o ejecuci\u00f3n del contenido de esta p\u00e1gina web est\u00e1 estrictamente prohibido.<\/p>\n\n\n\n<h2 class=\"wp-block-heading\">Responsabilidad limitada<\/h2>\n\n\n\n<p>Dominion Lighting Supply Company of Washington, LLC no se hace responsable de fallos t\u00e9cnicos, de hardware o software de cualquier tipo, conexiones de red perdidas o no disponibles, o transmisiones inform\u00e1ticas incompletas, confusas o retrasadas. Bajo ninguna circunstancia Dominion Lighting Supply Company of Washington, LLC o sus proveedores ser\u00e1n responsables por cualquier da\u00f1o o lesi\u00f3n que resulte del uso o confianza de los materiales o informaci\u00f3n contenida en este sitio. Algunas jurisdicciones proh\u00edben la exclusi\u00f3n o limitaci\u00f3n de responsabilidad por da\u00f1os consecuenciales o incidentales, en cuyo caso la limitaci\u00f3n anterior puede no aplicarse en su caso.<\/p>\n\n\n\n<p>Aunque se ha comprobado la exactitud del material contenido en el sitio web www.descowashington.com, y en el entendimiento de que dicho material no infringe ning\u00fan derecho de autor u otros derechos legales, todo el material se proporciona sin garant\u00edas expresas o impl\u00edcitas de ning\u00fan tipo, incluidas, entre otras, las garant\u00edas impl\u00edcitas de comerciabilidad, idoneidad para un fin determinado o no infracci\u00f3n.<\/p>\n\n\n\n<p>Ni Dominion Lighting Supply Company of Washington, LLC ni sus afiliados asumen responsabilidad alguna por errores u omisiones en el material. En ning\u00fan caso Dominion Lighting Supply Company of Washington, LLC o sus afiliados ser\u00e1n responsables de ning\u00fan da\u00f1o especial, indirecto o consecuente que resulte de cualquier uso o rendimiento de o errores de contenido u omisiones en el material, incluso si se notifica con antelaci\u00f3n de la posibilidad de tales da\u00f1os. Todos los usuarios del material aceptan que el acceso y el uso del material est\u00e1n sujetos a los t\u00e9rminos y condiciones establecidos en este aviso legal, as\u00ed como a todas las leyes aplicables, y que dicho acceso y uso se realizan por cuenta y riesgo del usuario. Dominion Lighting Supply Company of Washington, LLC puede proporcionar enlaces a otros sitios que no son mantenidos por Dominion Lighting Supply Company of Washington, LLC. Dominion Lighting Supply Company of Washington, LLC no respalda dichos sitios y no es responsable del contenido de los mismos.<\/p>\n\n\n\n<h2 class=\"wp-block-heading\">Legislaci\u00f3n aplicable<\/h2>\n\n\n\n<p>Estos t\u00e9rminos y condiciones se rigen e interpretan de conformidad con las leyes del Distrito de Columbia, Estados Unidos de Am\u00e9rica, sin perjuicio de cualquier principio de conflicto de leyes. Si alguna parte de estos t\u00e9rminos y condiciones es ilegal, nula o inaplicable, esa parte se considerar\u00e1 separable y no afectar\u00e1 la validez y aplicabilidad de las disposiciones restantes. Dominion Lighting Supply Company of Washington, LLC puede revisar estos t\u00e9rminos y condiciones en cualquier momento sin previo aviso mediante la actualizaci\u00f3n de esta publicaci\u00f3n.<\/p>","protected":false},"excerpt":{"rendered":"<p>Dominion Lighting Terms &amp; Conditions Your access and use of the Dominion Lighting Supply Company of Washington, LLC, Inc World Wide Web site (the Site) is subject to the following terms and conditions and all applicable laws. By accessing and browsing this Site, you accept and agree, without limitation or qualification, the Terms and Conditions [&hellip;]<\/p>\n","protected":false},"author":7,"featured_media":0,"parent":0,"menu_order":0,"comment_status":"closed","ping_status":"open","template":"","meta":{"footnotes":""},"class_list":["post-2054","page","type-page","status-publish","hentry"],"_links":{"self":[{"href":"https:\/\/dominionlighting.com\/es\/wp-json\/wp\/v2\/pages\/2054","targetHints":{"allow":["GET"]}}],"collection":[{"href":"https:\/\/dominionlighting.com\/es\/wp-json\/wp\/v2\/pages"}],"about":[{"href":"https:\/\/dominionlighting.com\/es\/wp-json\/wp\/v2\/types\/page"}],"author":[{"embeddable":true,"href":"https:\/\/dominionlighting.com\/es\/wp-json\/wp\/v2\/users\/7"}],"replies":[{"embeddable":true,"href":"https:\/\/dominionlighting.com\/es\/wp-json\/wp\/v2\/comments?post=2054"}],"version-history":[{"count":0,"href":"https:\/\/dominionlighting.com\/es\/wp-json\/wp\/v2\/pages\/2054\/revisions"}],"wp:attachment":[{"href":"https:\/\/dominionlighting.com\/es\/wp-json\/wp\/v2\/media?parent=2054"}],"curies":[{"name":"wp","href":"https:\/\/api.w.org\/{rel}","templated":true}]}}